{"id":33,"date":"2025-03-25T04:41:01","date_gmt":"2025-03-25T04:41:01","guid":{"rendered":"https:\/\/quintatabachin.com.mx\/?page_id=33"},"modified":"2026-02-01T04:53:24","modified_gmt":"2026-02-01T04:53:24","slug":"preguntas-frecuentes","status":"publish","type":"page","link":"https:\/\/quintatabachin.com.mx\/index.php\/preguntas-frecuentes\/","title":{"rendered":"Preguntas frecuentes"},"content":{"rendered":"<p>[et_pb_section fb_built=\u00bb1&#8243; _builder_version=\u00bb4.27.4&#8243; _module_preset=\u00bbdefault\u00bb custom_padding=\u00bb50px||30px|||\u00bb locked=\u00bboff\u00bb global_colors_info=\u00bb{}\u00bb][et_pb_row _builder_version=\u00bb4.27.4&#8243; _module_preset=\u00bbdefault\u00bb custom_padding=\u00bb||0px|||\u00bb global_colors_info=\u00bb{}\u00bb][et_pb_column type=\u00bb4_4&#8243; _builder_version=\u00bb4.27.4&#8243; _module_preset=\u00bbdefault\u00bb global_colors_info=\u00bb{}\u00bb][et_pb_heading title=\u00bbPreguntas frecuentes\u00bb _builder_version=\u00bb4.27.4&#8243; _module_preset=\u00bbdefault\u00bb title_font=\u00bb|700|||||||\u00bb title_text_align=\u00bbcenter\u00bb title_text_color=\u00bb#515151&#8243; custom_margin=\u00bb||7px|||\u00bb global_colors_info=\u00bb{}\u00bb][\/et_pb_heading][\/et_pb_column][\/et_pb_row][\/et_pb_section][et_pb_section fb_built=\u00bb1&#8243; _builder_version=\u00bb4.27.4&#8243; _module_preset=\u00bbdefault\u00bb custom_padding=\u00bb0px||100px|||\u00bb locked=\u00bboff\u00bb global_colors_info=\u00bb{}\u00bb][et_pb_row _builder_version=\u00bb4.27.4&#8243; _module_preset=\u00bbdefault\u00bb custom_padding=\u00bb0px||0px|||\u00bb global_colors_info=\u00bb{}\u00bb][et_pb_column type=\u00bb4_4&#8243; _builder_version=\u00bb4.27.4&#8243; _module_preset=\u00bbdefault\u00bb global_colors_info=\u00bb{}\u00bb][et_pb_accordion open_toggle_background_color=\u00bb#BECBBF\u00bb closed_toggle_background_color=\u00bbrgba(190,203,191,0.38)\u00bb toggle_icon=\u00bb&#x33;||divi||400&#8243; icon_color=\u00bb#537056&#8243; _builder_version=\u00bb4.27.4&#8243; _module_preset=\u00bbdefault\u00bb toggle_font=\u00bb|600|||||||\u00bb hover_enabled=\u00bb0&#8243; border_radii=\u00bbon|8px|8px|8px|8px\u00bb border_width_all=\u00bb0px\u00bb border_style_all=\u00bbnone\u00bb locked=\u00bboff\u00bb global_colors_info=\u00bb{}\u00bb sticky_enabled=\u00bb0&#8243;][et_pb_accordion_item title=\u00bb1. \u00bfC\u00f3mo puedo reservar?\u00bb open=\u00bbon\u00bb _builder_version=\u00bb4.27.4&#8243; _module_preset=\u00bbdefault\u00bb background_color=\u00bb#e8ede9&#8243; background_enable_color=\u00bbon\u00bb hover_enabled=\u00bb0&#8243; global_colors_info=\u00bb{}\u00bb toggle_line_height=\u00bb1.2em\u00bb sticky_enabled=\u00bb0&#8243;]<\/p>\n<p><span style=\"font-weight: 400;\">Para reservar lo puedes hacer desde ahora, si as\u00ed lo deseas.\u00a0<\/span><span style=\"font-weight: 400;\">Para apartar una fecha se pide el 100% del total.<br \/><\/span><span style=\"font-weight: 400;\"><\/span><span style=\"font-weight: 400;\">Es importante que sepas que solicitamos tu INE para elaborar un contrato y que pedimos un dep\u00f3sito de seguridad de $4,500 pesos, que se regresa \u00edntegro despu\u00e9s de hacer una revisi\u00f3n a la propiedad al t\u00e9rmino de tu reserva y si todo se encuentra en orden como se te entreg\u00f3.<\/span><\/p>\n<p>[\/et_pb_accordion_item][et_pb_accordion_item title=\u00bb2. \u00bfCu\u00e1l es el m\u00e1ximo de personas para el alojamiento?\u00bb _builder_version=\u00bb4.27.4&#8243; _module_preset=\u00bbdefault\u00bb background_color=\u00bb#e8ede9&#8243; background_enable_color=\u00bbon\u00bb global_colors_info=\u00bb{}\u00bb toggle_line_height=\u00bb1.2em\u00bb open=\u00bboff\u00bb]<\/p>\n<p><span style=\"font-weight: 400;\">La casa principal cuenta con cinco rec\u00e1maras, de las cuales tres est\u00e1n equipadas con cama king size y dos con dos camas matrimoniales cada una. Adem\u00e1s, disponemos de una mini caba\u00f1a ecol\u00f3gica con dos camas individuales y una segunda caba\u00f1a con una cama matrimonial. Lo anterior c\u00f3modamente para distribuir a 17 hu\u00e9spedes. El resto tendr\u00eda que usar el \u00e1rea de camping, llevando consigo su propia casa de campa\u00f1a y art\u00edculos personales para un total de 30 hu\u00e9spedes.<\/span><\/p>\n<p>[\/et_pb_accordion_item][et_pb_accordion_item title=\u00bb3. \u00bfPara qu\u00e9 es el dep\u00f3sito de seguridad?\u00bb _builder_version=\u00bb4.27.4&#8243; _module_preset=\u00bbdefault\u00bb background_color=\u00bb#e8ede9&#8243; background_enable_color=\u00bbon\u00bb global_colors_info=\u00bb{}\u00bb toggle_line_height=\u00bb1.2em\u00bb open=\u00bboff\u00bb]<\/p>\n<p><span style=\"font-weight: 400;\">Tiene como objetivo proporcionar al propietario una forma de seguridad en caso de que el arrendatario no cumpla con las obligaciones contractuales, cause da\u00f1os a la propiedad o no pague los gastos adicionales acordados. Se paga en efectivo al ingresar a la propiedad y su reembolso se har\u00e1 en un m\u00e1ximo de 3 d\u00edas mediante dep\u00f3sito a la cuenta del cliente.<\/span><\/p>\n<p>[\/et_pb_accordion_item][et_pb_accordion_item title=\u00bb4. Si he rentado la propiedad para alojamiento, \u00bfpueden ingresar invitados a la Quinta sin que se vayan a hospedar? \u00bb _builder_version=\u00bb4.27.4&#8243; _module_preset=\u00bbdefault\u00bb background_color=\u00bb#e8ede9&#8243; background_enable_color=\u00bbon\u00bb global_colors_info=\u00bb{}\u00bb toggle_line_height=\u00bb1.2em\u00bb open=\u00bboff\u00bb]<\/p>\n<p><span style=\"font-weight: 400;\">Si, pagando al momento de ingresar el monto que refiere al uso de Day Pass marcado en el contrato y podr\u00e1 permanecer en la propiedad de 1pm a 8pm.<\/span><\/p>\n<p>[\/et_pb_accordion_item][et_pb_accordion_item title=\u00bb5. \u00bfPuedo ingresar alimentos y bebidas?\u00bb _builder_version=\u00bb4.27.4&#8243; _module_preset=\u00bbdefault\u00bb background_color=\u00bb#e8ede9&#8243; background_enable_color=\u00bbon\u00bb global_colors_info=\u00bb{}\u00bb toggle_line_height=\u00bb1.2em\u00bb open=\u00bboff\u00bb]<\/p>\n<p><span style=\"font-weight: 400;\">S\u00ed, preferentemente no envases de vidrio. Adem\u00e1s, se deber\u00e1 revisar el contrato a detenimiento en la secci\u00f3n de *Reglamentos* para cumplir con los puntos en referencia a este tema. Una vez hecho el contrato de tu reserva, se comparten los reglamentos para en caso de que contrates estos servicios mediante un proveedor, sepan sobre los lineamientos de la Quinta. Si ingresan alimentos y bebidas por su propia cuenta s\u00f3lo ser\u00e1 importante mantener limpia la propiedad al final de la reserva.<\/span><\/p>\n<p>[\/et_pb_accordion_item][et_pb_accordion_item title=\u00bb6. \u00bfSe puede decorar el sal\u00f3n?\u00bb _builder_version=\u00bb4.27.4&#8243; _module_preset=\u00bbdefault\u00bb background_color=\u00bb#e8ede9&#8243; background_enable_color=\u00bbon\u00bb global_colors_info=\u00bb{}\u00bb toggle_line_height=\u00bb1.2em\u00bb open=\u00bboff\u00bb]<\/p>\n<p><span style=\"font-weight: 400;\">S\u00ed, una vez hecho el contrato para la renta del sal\u00f3n, se comparte el Reglamento para proveedores con la finalidad de que sepan los lineamientos de la Quinta. Solo no se permite, clavar, pegar, no est\u00e1 permitido el uso de confeti ni de fuegos pirot\u00e9cnicos. Adem\u00e1s, cada proveedor deber\u00e1 considerar llevar consigo todo lo necesario para la prestaci\u00f3n de sus servicios. La Quinta no se responsabiliza de que el cumplimiento de los servicios contratados a los proveedores, no sean el resultado que esperaban.<\/span><\/p>\n<p>[\/et_pb_accordion_item][et_pb_accordion_item title=\u00bb7. \u00bfSe permite el acceso a mascotas?\u00bb _builder_version=\u00bb4.27.4&#8243; _module_preset=\u00bbdefault\u00bb background_color=\u00bb#e8ede9&#8243; background_enable_color=\u00bbon\u00bb global_colors_info=\u00bb{}\u00bb toggle_line_height=\u00bb1.2em\u00bb open=\u00bboff\u00bb]<\/p>\n<p>Lamentablemente, no aceptamos mascotas en nuestras instalaciones. Esta decisi\u00f3n se ha tomado para garantizar la comodidad, seguridad y bienestar de todos nuestros hu\u00e9spedes, as\u00ed como para preservar el entorno natural de la casa. Agradecemos tu comprensi\u00f3n.<\/p>\n<p>[\/et_pb_accordion_item][et_pb_accordion_item title=\u00bb8. \u00bfHay estacionamiento?\u00bb _builder_version=\u00bb4.27.4&#8243; _module_preset=\u00bbdefault\u00bb background_color=\u00bb#e8ede9&#8243; background_enable_color=\u00bbon\u00bb global_colors_info=\u00bb{}\u00bb toggle_line_height=\u00bb1.2em\u00bb open=\u00bboff\u00bb]<\/p>\n<p><span style=\"font-weight: 400;\">S\u00ed, cuando la reserva contratada es alojamiento o Day Pass pueden ingresar los veh\u00edculos dentro de la propiedad. Aproximadamente caben de 5 a 7 veh\u00edculos dependiendo de su tama\u00f1o. Cuando la reserva es renta para evento, se cuenta con un estacionamiento privado enfrente que se acondiciona para el uso de sus invitados. En ambos casos, Quinta Tabach\u00edn no se hace responsable por da\u00f1os o p\u00e9rdidas a los veh\u00edculos o art\u00edculos de valor.<\/span><\/p>\n<p>[\/et_pb_accordion_item][et_pb_accordion_item title=\u00bb9. \u00bfVenden alimentos?\u00bb _builder_version=\u00bb4.27.4&#8243; _module_preset=\u00bbdefault\u00bb background_color=\u00bb#e8ede9&#8243; background_enable_color=\u00bbon\u00bb global_colors_info=\u00bb{}\u00bb toggle_line_height=\u00bb1.2em\u00bb open=\u00bboff\u00bb]<\/p>\n<p><span style=\"font-weight: 400;\">Podemos lograr que tu experiencia sea m\u00e1s completa y cotizarte con alg\u00fan proveedor los alimentos que nos solicites. Por supuesto los precios depender\u00e1n de cada proveedor y es importante que sepas que Quinta Tabach\u00edn no se hace responsable por los servicios contratados a terceros. <\/span><span style=\"font-weight: 400;\">Puedes elegir compartirnos la idea que tienes para tu estancia y podremos sugerirte algunas opciones de alimentos.<\/span><\/p>\n<p>[\/et_pb_accordion_item][et_pb_accordion_item title=\u00bb10. \u00bfCuentan con mobiliario?\u00bb _builder_version=\u00bb4.27.4&#8243; _module_preset=\u00bbdefault\u00bb background_color=\u00bb#e8ede9&#8243; background_enable_color=\u00bbon\u00bb global_colors_info=\u00bb{}\u00bb toggle_line_height=\u00bb1.2em\u00bb open=\u00bboff\u00bb]<\/p>\n<p><span style=\"font-weight: 400;\">S\u00ed, el mobiliario con el que contamos son mesas tipo tabl\u00f3n y sillas plegables de pl\u00e1stico. Podemos montar hasta para 150 personas.<br \/><\/span><span style=\"font-weight: 400;\">En caso de preferir otro tipo de mobiliario, tendr\u00eda que ser cotizado mediante proveedor.<\/span><\/p>\n<p>[\/et_pb_accordion_item][\/et_pb_accordion][\/et_pb_column][\/et_pb_row][\/et_pb_section]<\/p>\n","protected":false},"excerpt":{"rendered":"<p>Para reservar lo puedes hacer desde ahora, si as\u00ed lo deseas.\u00a0Para apartar una fecha se pide el 100% del total.Es importante que sepas que solicitamos tu INE para elaborar un contrato y que pedimos un dep\u00f3sito de seguridad de $4,500 pesos, que se regresa \u00edntegro despu\u00e9s de hacer una revisi\u00f3n a la propiedad al t\u00e9rmino [&hellip;]<\/p>\n","protected":false},"author":1,"featured_media":0,"parent":0,"menu_order":0,"comment_status":"closed","ping_status":"closed","template":"","meta":{"_et_pb_use_builder":"on","_et_pb_old_content":"","_et_gb_content_width":"","footnotes":""},"class_list":["post-33","page","type-page","status-publish","hentry"],"_links":{"self":[{"href":"https:\/\/quintatabachin.com.mx\/index.php\/wp-json\/wp\/v2\/pages\/33","targetHints":{"allow":["GET"]}}],"collection":[{"href":"https:\/\/quintatabachin.com.mx\/index.php\/wp-json\/wp\/v2\/pages"}],"about":[{"href":"https:\/\/quintatabachin.com.mx\/index.php\/wp-json\/wp\/v2\/types\/page"}],"author":[{"embeddable":true,"href":"https:\/\/quintatabachin.com.mx\/index.php\/wp-json\/wp\/v2\/users\/1"}],"replies":[{"embeddable":true,"href":"https:\/\/quintatabachin.com.mx\/index.php\/wp-json\/wp\/v2\/comments?post=33"}],"version-history":[{"count":14,"href":"https:\/\/quintatabachin.com.mx\/index.php\/wp-json\/wp\/v2\/pages\/33\/revisions"}],"predecessor-version":[{"id":2665,"href":"https:\/\/quintatabachin.com.mx\/index.php\/wp-json\/wp\/v2\/pages\/33\/revisions\/2665"}],"wp:attachment":[{"href":"https:\/\/quintatabachin.com.mx\/index.php\/wp-json\/wp\/v2\/media?parent=33"}],"curies":[{"name":"wp","href":"https:\/\/api.w.org\/{rel}","templated":true}]}}